{"id":3802,"date":"2024-04-13T16:00:48","date_gmt":"2024-04-13T16:00:48","guid":{"rendered":"https:\/\/excavacionsfigueres.com\/cat\/?page_id=3802"},"modified":"2024-04-21T08:07:17","modified_gmt":"2024-04-21T08:07:17","slug":"politica-de-cookies","status":"publish","type":"page","link":"https:\/\/excavacionsfigueres.com\/cat\/politica-de-cookies\/","title":{"rendered":"Pol\u00edtica de Cookies"},"content":{"rendered":"\n<h2 class=\"wp-block-heading\" id=\"h-politica-de-cookies\">Pol\u00edtica de Cookies<\/h2>\n\n\n\n<h5 class=\"wp-block-heading\" id=\"h-objecte\">Objecte<\/h5>\n\n\n\n<p>La finalitat de la present pol\u00edtica \u00e9s proporcionar informaci\u00f3 sobre l\u00fas de cookies en aquest lloc web dacord amb la legislaci\u00f3 de serveis de la societat de la informaci\u00f3 i comer\u00e7 electr\u00f2nic.<\/p>\n\n\n\n<h5 class=\"wp-block-heading\" id=\"h-que-son-les-cookies-i-per-que-s-utilitzen\">Qu\u00e8 s\u00f3n les cookies i per qu\u00e8 s&#8217;utilitzen?<\/h5>\n\n\n\n<p>Les cookies s\u00f3n fitxers de text que un servidor web emmagatzema a l&#8217;equip de l&#8217;usuari en accedir a certes p\u00e0gines web. Podeu contenir un codi que identifica l&#8217;usuari durant la navegaci\u00f3. Aquestes permeten emmagatzemar informaci\u00f3 sobre l&#8217;equip i les sessions de navegaci\u00f3, millorant l&#8217;experi\u00e8ncia de l&#8217;usuari i recopilant estad\u00edstiques d&#8217;\u00fas.<\/p>\n\n\n\n<p>En resum, les cookies en aquest lloc web permeten obtenir informaci\u00f3 sobre la navegaci\u00f3, millorar l&#8217;experi\u00e8ncia de l&#8217;usuari, recopilar estad\u00edstiques d&#8217;\u00fas, geolocalitzar l&#8217;usuari, mesurar l&#8217;efectivitat de campanyes de correu electr\u00f2nic i fer informes de seguiment.<\/p>\n\n\n\n<p>Aquest lloc web utilitza cookies pr\u00f2pies i de tercers. A continuaci\u00f3, l&#8217;usuari trobar\u00e0 informaci\u00f3 detallada.<\/p>\n\n\n\n<h5 class=\"wp-block-heading\" id=\"h-com-s-autoritza-l-us-de-les-cookies-al-nostre-lloc-web\">Com s&#8217;autoritza l&#8217;\u00fas de les cookies al nostre lloc web?<\/h5>\n\n\n\n<p>L&#8217;usuari autoritza l&#8217;\u00fas de cookies en acceptar-les mitjan\u00e7ant les opcions proporcionades a la primera capa d&#8217;informaci\u00f3. Encara que s&#8217;acceptin inicialment, l&#8217;usuari pot revocar el consentiment en qualsevol moment deshabilitant-les segons s&#8217;indica a la pol\u00edtica.<\/p>\n\n\n\n<p>L&#8217;usuari t\u00e9 control sobre les cookies emmagatzemades al navegador i pot llegir-les, filtrar-les, rebutjar-les o eliminar-les en qualsevol moment.<\/p>\n\n\n\n<h5 class=\"wp-block-heading\" id=\"h-quines-son-les-cookies-de-tercers-utilitzades-i-la-seva-finalitat\">Quines s\u00f3n les cookies de tercers utilitzades i la seva finalitat?<\/h5>\n\n\n\n<ul class=\"wp-block-list\">\n<li><strong>Google Analytics:<\/strong>\n<ul class=\"wp-block-list\">\n<li><em>Ubicaci\u00f3:<\/em>\u00a0Proporciona dades an\u00f2nimes sobre visites al lloc web.<\/li>\n\n\n\n<li><em>Prove\u00efdor:<\/em>\u00a0Google Inc.<\/li>\n<\/ul>\n<\/li>\n\n\n\n<li><strong>Add to Any:<\/strong>\n<ul class=\"wp-block-list\">\n<li><em>Interacci\u00f3 social:<\/em>\u00a0Permet compartir la web a xarxes socials.<\/li>\n\n\n\n<li><em>Prove\u00efdor:<\/em>\u00a0AddToAny<\/li>\n<\/ul>\n<\/li>\n\n\n\n<li><strong>AddThis:<\/strong>\n<ul class=\"wp-block-list\">\n<li><em>Eines Web. Interacci\u00f3n social:<\/em>\u00a0Permet compartir la web a xarxes socials.<\/li>\n\n\n\n<li><em>Prove\u00efdor:<\/em>\u00a0Oracle Inc.<\/li>\n<\/ul>\n<\/li>\n\n\n\n<li><strong>Adobe Omniture:<\/strong>\n<ul class=\"wp-block-list\">\n<li><em>Anal\u00edtiques:<\/em>\u00a0Proporciona dades an\u00f2nimes sobre visites i avaluaci\u00f3 de la presentaci\u00f3 web.<\/li>\n\n\n\n<li><em>Prove\u00efdor:<\/em>\u00a0Adobe Systems Incorporated<\/li>\n<\/ul>\n<\/li>\n\n\n\n<li><strong>YouTube:<\/strong>\n<ul class=\"wp-block-list\">\n<li><em>Web Video:<\/em>\u00a0Permet la pujada i visualitzaci\u00f3 de v\u00eddeos.<\/li>\n\n\n\n<li><em>Prove\u00efdor:<\/em>\u00a0Google Inc.<\/li>\n<\/ul>\n<\/li>\n\n\n\n<li><strong>Facebook:<\/strong>\n<ul class=\"wp-block-list\">\n<li><em>Facebook Like, Comments, Feed:<\/em>\u00a0Interacci\u00f3 social.<\/li>\n\n\n\n<li><em>Prove\u00efdor:<\/em>\u00a0Facebook Inc.<\/li>\n<\/ul>\n<\/li>\n\n\n\n<li><strong>Twitter:<\/strong>\n<ul class=\"wp-block-list\">\n<li><em>Follow Us:<\/em>\u00a0Interacci\u00f3 social.<\/li>\n\n\n\n<li><em>Prove\u00efdor:<\/em>\u00a0Twitter Inc.<\/li>\n<\/ul>\n<\/li>\n<\/ul>\n\n\n\n<h5 class=\"wp-block-heading\" id=\"h-com-es-pot-rebutjar-desactivar-i-eliminar-les-cookies\">Com es pot rebutjar, desactivar i eliminar les cookies ?<\/h5>\n\n\n\n<p>L&#8217;usuari pot impedir, rebutjar, desactivar o eliminar cookies en qualsevol moment mitjan\u00e7ant la configuraci\u00f3 de les opcions del navegador instal\u00b7lat al vostre ordinador. A continuaci\u00f3, es proporcionen enlla\u00e7os a les instruccions de configuraci\u00f3 per a navegadors comuns:<\/p>\n\n\n\n<ul class=\"wp-block-list\">\n<li><a href=\"http:\/\/support.mozilla.org\/es\/kb\/Borrar%20cookies\">Firefox<\/a><\/li>\n\n\n\n<li><a href=\"http:\/\/support.google.com\/chrome\/bin\/answer.py?hl=es&amp;answer=95647\">Chrome<\/a><\/li>\n\n\n\n<li><a href=\"https:\/\/support.microsoft.com\/es-es\/kb\/278835\">Internet Explorer<\/a><\/li>\n\n\n\n<li><a href=\"http:\/\/support.apple.com\/kb\/ph5042\">Safari<\/a><\/li>\n\n\n\n<li><a href=\"https:\/\/help.opera.com\/en\/latest\/web-preferences\/#cookies\">Opera<\/a><\/li>\n\n\n\n<li><a href=\"https:\/\/privacy.microsoft.com\/es-es\/windows-10-microsoft-edge-and-privacy\">Microsoft Edge<\/a><\/li>\n<\/ul>\n\n\n\n<p>L&#8217;usuari pot revocar el consentiment per a l&#8217;\u00fas de cookies a trav\u00e9s de les indicacions anteriors. Es recomana accedir peri\u00f2dicament a aquesta pol\u00edtica per con\u00e8ixer possibles canvis, els quals seran publicats i notificats, si cal, mitjan\u00e7ant un av\u00eds al nostre lloc web o altres mitjans.<\/p>\n","protected":false},"excerpt":{"rendered":"<p>Pol\u00edtica de Cookies Objecte La finalitat de la present pol\u00edtica \u00e9s proporcionar informaci\u00f3 sobre l\u00fas de cookies en aquest lloc web dacord amb la legislaci\u00f3 de serveis de la societat de la informaci\u00f3 i comer\u00e7 electr\u00f2nic. Qu\u00e8 s\u00f3n les cookies i per qu\u00e8 s&#8217;utilitzen? Les cookies s\u00f3n fitxers de text que un servidor web emmagatzema [&hellip;]<\/p>\n","protected":false},"author":1,"featured_media":0,"parent":0,"menu_order":101,"comment_status":"closed","ping_status":"closed","template":"","meta":{"footnotes":""},"class_list":["post-3802","page","type-page","status-publish","hentry"],"yoast_head":"<!-- This site is optimized with the Yoast SEO Premium plugin v22.6 (Yoast SEO v24.2) - https:\/\/yoast.com\/wordpress\/plugins\/seo\/ -->\n<title>Pol\u00edtica de Cookies - Excavacions Figueres<\/title>\n<meta name=\"description\" content=\"Explora els serveis d\u00b4excavaci\u00f3 d\u00b4Excavacions Figueres, l\u00edder en solucions integrals per a projectes residencials i industrials. Contacta&#039;ns avui mateix.\" \/>\n<meta name=\"robots\" content=\"noindex, nofollow\" \/>\n<meta property=\"og:locale\" content=\"ca_ES\" \/>\n<meta property=\"og:type\" content=\"article\" \/>\n<meta property=\"og:title\" content=\"Pol\u00edtica de Cookies\" \/>\n<meta property=\"og:description\" content=\"Descobreix Excavacions Figueres, l\u00edder en solucions integrals per a projectes residencials i industrials. Confia en la nostra experi\u00e8ncia i la nostra qualitat. #Excavacions #Construcci\u00f3\" \/>\n<meta property=\"og:url\" content=\"https:\/\/excavacionsfigueres.com\/cat\/politica-de-cookies\/\" \/>\n<meta property=\"og:site_name\" content=\"Excavacions Figueres\" \/>\n<meta property=\"article:publisher\" content=\"https:\/\/www.facebook.com\/61557642402407\" \/>\n<meta property=\"article:modified_time\" content=\"2024-04-21T08:07:17+00:00\" \/>\n<meta property=\"og:image\" content=\"https:\/\/excavacionsfigueres.com\/cat\/wp-content\/uploads\/2024\/04\/retroexcavadora-girona.jpg\" \/>\n\t<meta property=\"og:image:width\" content=\"1920\" \/>\n\t<meta property=\"og:image:height\" content=\"1080\" \/>\n\t<meta property=\"og:image:type\" content=\"image\/jpeg\" \/>\n<meta name=\"twitter:card\" content=\"summary_large_image\" \/>\n<meta name=\"twitter:site\" content=\"@excavfigueres\" \/>\n<meta name=\"twitter:label1\" content=\"Temps estimat de lectura\" \/>\n\t<meta name=\"twitter:data1\" content=\"3 minuts\" \/>\n<script type=\"application\/ld+json\" class=\"yoast-schema-graph\">{\"@context\":\"https:\/\/schema.org\",\"@graph\":[{\"@type\":\"WebPage\",\"@id\":\"https:\/\/excavacionsfigueres.com\/cat\/politica-de-cookies\/\",\"url\":\"https:\/\/excavacionsfigueres.com\/cat\/politica-de-cookies\/\",\"name\":\"Pol\u00edtica de Cookies - Excavacions Figueres\",\"isPartOf\":{\"@id\":\"https:\/\/excavacionsfigueres.com\/cat\/#website\"},\"datePublished\":\"2024-04-13T16:00:48+00:00\",\"dateModified\":\"2024-04-21T08:07:17+00:00\",\"description\":\"Explora els serveis d\u00b4excavaci\u00f3 d\u00b4Excavacions Figueres, l\u00edder en solucions integrals per a projectes residencials i industrials. Contacta'ns avui mateix.\",\"breadcrumb\":{\"@id\":\"https:\/\/excavacionsfigueres.com\/cat\/politica-de-cookies\/#breadcrumb\"},\"inLanguage\":\"ca\",\"potentialAction\":[{\"@type\":\"ReadAction\",\"target\":[\"https:\/\/excavacionsfigueres.com\/cat\/politica-de-cookies\/\"]}]},{\"@type\":\"BreadcrumbList\",\"@id\":\"https:\/\/excavacionsfigueres.com\/cat\/politica-de-cookies\/#breadcrumb\",\"itemListElement\":[{\"@type\":\"ListItem\",\"position\":1,\"name\":\"Portada\",\"item\":\"https:\/\/excavacionsfigueres.com\/cat\/\"},{\"@type\":\"ListItem\",\"position\":2,\"name\":\"Pol\u00edtica de Cookies\"}]},{\"@type\":\"WebSite\",\"@id\":\"https:\/\/excavacionsfigueres.com\/cat\/#website\",\"url\":\"https:\/\/excavacionsfigueres.com\/cat\/\",\"name\":\"Excavacions Figueres\",\"description\":\"Excavacions i moviments de terres a Figueres\",\"publisher\":{\"@id\":\"https:\/\/excavacionsfigueres.com\/cat\/#organization\"},\"alternateName\":\"Excavaciones Figueres\",\"potentialAction\":[{\"@type\":\"SearchAction\",\"target\":{\"@type\":\"EntryPoint\",\"urlTemplate\":\"https:\/\/excavacionsfigueres.com\/cat\/?s={search_term_string}\"},\"query-input\":{\"@type\":\"PropertyValueSpecification\",\"valueRequired\":true,\"valueName\":\"search_term_string\"}}],\"inLanguage\":\"ca\"},{\"@type\":\"Organization\",\"@id\":\"https:\/\/excavacionsfigueres.com\/cat\/#organization\",\"name\":\"Excavacions Figueres\",\"alternateName\":\"Excavaciones Figueres\",\"url\":\"https:\/\/excavacionsfigueres.com\/cat\/\",\"logo\":{\"@type\":\"ImageObject\",\"inLanguage\":\"ca\",\"@id\":\"https:\/\/excavacionsfigueres.com\/cat\/#\/schema\/logo\/image\/\",\"url\":\"https:\/\/excavacionsfigueres.com\/cat\/wp-content\/uploads\/2024\/03\/logo-excavaciones-figueres.svg\",\"contentUrl\":\"https:\/\/excavacionsfigueres.com\/cat\/wp-content\/uploads\/2024\/03\/logo-excavaciones-figueres.svg\",\"width\":1,\"height\":1,\"caption\":\"Excavacions Figueres\"},\"image\":{\"@id\":\"https:\/\/excavacionsfigueres.com\/cat\/#\/schema\/logo\/image\/\"},\"sameAs\":[\"https:\/\/www.facebook.com\/61557642402407\",\"https:\/\/x.com\/excavfigueres\"],\"description\":\"Excavacions Figueres \u00e9s una empresa l\u00edder al sector d'excavacions, compromesa amb l'excel\u00b7l\u00e8ncia, la innovaci\u00f3 i el respecte pel medi ambient. Oferim serveis d\u00b4excavaci\u00f3 d\u00b4alta qualitat, utilitzant tecnologia avan\u00e7ada i un equip expert per satisfer les necessitats dels nostres clients.\",\"email\":\"info@excavacionsfigueres.com\",\"telephone\":\"633 72 54 38\",\"legalName\":\"Excavacions Figueres\",\"foundingDate\":\"2022-01-01\",\"numberOfEmployees\":{\"@type\":\"QuantitativeValue\",\"minValue\":\"11\",\"maxValue\":\"50\"}}]}<\/script>\n<!-- \/ Yoast SEO Premium plugin. -->","yoast_head_json":{"title":"Pol\u00edtica de Cookies - Excavacions Figueres","description":"Explora els serveis d\u00b4excavaci\u00f3 d\u00b4Excavacions Figueres, l\u00edder en solucions integrals per a projectes residencials i industrials. Contacta'ns avui mateix.","robots":{"index":"noindex","follow":"nofollow"},"og_locale":"ca_ES","og_type":"article","og_title":"Pol\u00edtica de Cookies","og_description":"Descobreix Excavacions Figueres, l\u00edder en solucions integrals per a projectes residencials i industrials. Confia en la nostra experi\u00e8ncia i la nostra qualitat. #Excavacions #Construcci\u00f3","og_url":"https:\/\/excavacionsfigueres.com\/cat\/politica-de-cookies\/","og_site_name":"Excavacions Figueres","article_publisher":"https:\/\/www.facebook.com\/61557642402407","article_modified_time":"2024-04-21T08:07:17+00:00","og_image":[{"width":1920,"height":1080,"url":"https:\/\/excavacionsfigueres.com\/cat\/wp-content\/uploads\/2024\/04\/retroexcavadora-girona.jpg","type":"image\/jpeg"}],"twitter_card":"summary_large_image","twitter_site":"@excavfigueres","twitter_misc":{"Temps estimat de lectura":"3 minuts"},"schema":{"@context":"https:\/\/schema.org","@graph":[{"@type":"WebPage","@id":"https:\/\/excavacionsfigueres.com\/cat\/politica-de-cookies\/","url":"https:\/\/excavacionsfigueres.com\/cat\/politica-de-cookies\/","name":"Pol\u00edtica de Cookies - Excavacions Figueres","isPartOf":{"@id":"https:\/\/excavacionsfigueres.com\/cat\/#website"},"datePublished":"2024-04-13T16:00:48+00:00","dateModified":"2024-04-21T08:07:17+00:00","description":"Explora els serveis d\u00b4excavaci\u00f3 d\u00b4Excavacions Figueres, l\u00edder en solucions integrals per a projectes residencials i industrials. Contacta'ns avui mateix.","breadcrumb":{"@id":"https:\/\/excavacionsfigueres.com\/cat\/politica-de-cookies\/#breadcrumb"},"inLanguage":"ca","potentialAction":[{"@type":"ReadAction","target":["https:\/\/excavacionsfigueres.com\/cat\/politica-de-cookies\/"]}]},{"@type":"BreadcrumbList","@id":"https:\/\/excavacionsfigueres.com\/cat\/politica-de-cookies\/#breadcrumb","itemListElement":[{"@type":"ListItem","position":1,"name":"Portada","item":"https:\/\/excavacionsfigueres.com\/cat\/"},{"@type":"ListItem","position":2,"name":"Pol\u00edtica de Cookies"}]},{"@type":"WebSite","@id":"https:\/\/excavacionsfigueres.com\/cat\/#website","url":"https:\/\/excavacionsfigueres.com\/cat\/","name":"Excavacions Figueres","description":"Excavacions i moviments de terres a Figueres","publisher":{"@id":"https:\/\/excavacionsfigueres.com\/cat\/#organization"},"alternateName":"Excavaciones Figueres","potentialAction":[{"@type":"SearchAction","target":{"@type":"EntryPoint","urlTemplate":"https:\/\/excavacionsfigueres.com\/cat\/?s={search_term_string}"},"query-input":{"@type":"PropertyValueSpecification","valueRequired":true,"valueName":"search_term_string"}}],"inLanguage":"ca"},{"@type":"Organization","@id":"https:\/\/excavacionsfigueres.com\/cat\/#organization","name":"Excavacions Figueres","alternateName":"Excavaciones Figueres","url":"https:\/\/excavacionsfigueres.com\/cat\/","logo":{"@type":"ImageObject","inLanguage":"ca","@id":"https:\/\/excavacionsfigueres.com\/cat\/#\/schema\/logo\/image\/","url":"https:\/\/excavacionsfigueres.com\/cat\/wp-content\/uploads\/2024\/03\/logo-excavaciones-figueres.svg","contentUrl":"https:\/\/excavacionsfigueres.com\/cat\/wp-content\/uploads\/2024\/03\/logo-excavaciones-figueres.svg","width":1,"height":1,"caption":"Excavacions Figueres"},"image":{"@id":"https:\/\/excavacionsfigueres.com\/cat\/#\/schema\/logo\/image\/"},"sameAs":["https:\/\/www.facebook.com\/61557642402407","https:\/\/x.com\/excavfigueres"],"description":"Excavacions Figueres \u00e9s una empresa l\u00edder al sector d'excavacions, compromesa amb l'excel\u00b7l\u00e8ncia, la innovaci\u00f3 i el respecte pel medi ambient. Oferim serveis d\u00b4excavaci\u00f3 d\u00b4alta qualitat, utilitzant tecnologia avan\u00e7ada i un equip expert per satisfer les necessitats dels nostres clients.","email":"info@excavacionsfigueres.com","telephone":"633 72 54 38","legalName":"Excavacions Figueres","foundingDate":"2022-01-01","numberOfEmployees":{"@type":"QuantitativeValue","minValue":"11","maxValue":"50"}}]}},"_links":{"self":[{"href":"https:\/\/excavacionsfigueres.com\/cat\/wp-json\/wp\/v2\/pages\/3802","targetHints":{"allow":["GET"]}}],"collection":[{"href":"https:\/\/excavacionsfigueres.com\/cat\/wp-json\/wp\/v2\/pages"}],"about":[{"href":"https:\/\/excavacionsfigueres.com\/cat\/wp-json\/wp\/v2\/types\/page"}],"author":[{"embeddable":true,"href":"https:\/\/excavacionsfigueres.com\/cat\/wp-json\/wp\/v2\/users\/1"}],"replies":[{"embeddable":true,"href":"https:\/\/excavacionsfigueres.com\/cat\/wp-json\/wp\/v2\/comments?post=3802"}],"version-history":[{"count":3,"href":"https:\/\/excavacionsfigueres.com\/cat\/wp-json\/wp\/v2\/pages\/3802\/revisions"}],"predecessor-version":[{"id":4270,"href":"https:\/\/excavacionsfigueres.com\/cat\/wp-json\/wp\/v2\/pages\/3802\/revisions\/4270"}],"wp:attachment":[{"href":"https:\/\/excavacionsfigueres.com\/cat\/wp-json\/wp\/v2\/media?parent=3802"}],"curies":[{"name":"wp","href":"https:\/\/api.w.org\/{rel}","templated":true}]}}