{"id":3796,"date":"2024-04-13T15:57:45","date_gmt":"2024-04-13T15:57:45","guid":{"rendered":"https:\/\/excavacionsfigueres.com\/cat\/?page_id=3796"},"modified":"2024-04-21T08:01:28","modified_gmt":"2024-04-21T08:01:28","slug":"aviso-legal","status":"publish","type":"page","link":"https:\/\/excavacionsfigueres.com\/cat\/aviso-legal\/","title":{"rendered":"Av\u00eds Legal"},"content":{"rendered":"\n<div class=\"wp-block-group is-vertical is-layout-flex wp-container-core-group-is-layout-8cf370e7 wp-block-group-is-layout-flex\">\n<h2 class=\"wp-block-heading\" id=\"h-avi-legal\">Av\u00ed legal<\/h2>\n\n\n\n<h5 class=\"wp-block-heading\" id=\"h-dades-identificatives\">Dades Identificatives<\/h5>\n\n\n\n<p>Benvingut a la p\u00e0gina web d&#8217;EXCAVACIONS FIGUERES, titularitat d&#8217;EXCAVACIONS FIGUERES, amb domicili a <a href=\"https:\/\/maps.app.goo.gl\/fjncdVaxAfB6BKhEA\" target=\"_blank\" rel=\"noreferrer noopener\">Ctra. GIV-6025 &#8211; km 0,84 &#8211; 17706 Pont de Molins<\/a>, tel\u00e8fon 633 72 54 38 i correu electr\u00f2nic\u00a0<a href=\"mailto:info@excavacionsfigueres.com\">info@excavacionsfigueres.com<\/a> . A continuaci\u00f3, es proporciona la informaci\u00f3 de conformitat amb la Llei 34\/2002, de 11 de juliol, de serveis de la societat de la informaci\u00f3 i de comer\u00e7 electr\u00f2nic:<\/p>\n\n\n\n<h5 class=\"wp-block-heading\" id=\"h-contacte-amb-el-titular\">Contacte amb el Titular<\/h5>\n\n\n\n<ul class=\"wp-block-list\">\n<li>Tel\u00e8fon: 633 72 54 38<\/li>\n\n\n\n<li>Correu electr\u00f2nic:\u00a0<a href=\"mailto:info@excavacionsgirona.com\">info@excavacionsfigueres.co<\/a><a href=\"mailto:info@excavacionsfigueres.com\">m<\/a><\/li>\n<\/ul>\n\n\n\n<h5 class=\"wp-block-heading\" id=\"h-usuaris\">Usuaris<\/h5>\n\n\n\n<p>Les condicions seg\u00fcents, d&#8217;ara endavant, l&#8217;Av\u00eds Legal, regulen l&#8217;\u00fas de la p\u00e0gina web d&#8217;EXCAVACIONS FIGUERES, que \u00e9s a disposici\u00f3 del p\u00fablic. L&#8217;acc\u00e9s i\/o \u00fas d&#8217;aquesta p\u00e0gina web atribueix la condici\u00f3 d&#8217;USUARI, que accepta les condicions generals d&#8217;\u00fas reflectides aqu\u00ed, aplicables independentment de les condicions generals de contractaci\u00f3 que puguin resultar obligat\u00f2ries.<\/p>\n\n\n\n<h5 class=\"wp-block-heading\" id=\"h-us-del-portal\">Us del Portal<\/h5>\n\n\n\n<p>EXCAVACIONS FIGUERES ofereix acc\u00e9s a diversos continguts, serveis, programes o dades (d&#8217;ara endavant, \u00abels continguts\u00bb) a Internet. L\u00b4USUARI assumeix la responsabilitat de l\u00b4\u00fas del portal, incl\u00f2s el registre necessari per accedir a certs serveis. En aquest registre, l&#8217;USUARI es compromet a proporcionar informaci\u00f3 vera\u00e7 i l\u00edcita i ser\u00e0 responsable de la contrasenya proporcionada, i es comprometr\u00e0 a fer-ne un \u00fas diligent i confidencial.<\/p>\n\n\n\n<p>L&#8217;USUARI es compromet a un \u00fas adequat dels continguts i serveis, abstenint-se d&#8217;activitats il\u00b7l\u00edcites, difusi\u00f3 de contingut il\u00b7legal, provocaci\u00f3 de danys en sistemes f\u00edsics i l\u00f2gics, intent d&#8217;accedir i utilitzar comptes de correu electr\u00f2nic d&#8217;altres usuaris, \u00fas comercial i enviament de correus electr\u00f2nics no sol\u00b7licitats.<\/p>\n\n\n\n<p>EXCAVACIONS FIGUERES es reserva el dret de retirar comentaris i aportacions que vulnerin el respecte, siguin discriminatoris, xen\u00f2fobs, racistes, pornogr\u00e0fics o atemptin contra els drets humans.<\/p>\n\n\n\n<h5 class=\"wp-block-heading\" id=\"h-proteccio-de-dades\">Protecci\u00f3 de Dades<\/h5>\n\n\n\n<p>Consulteu la nostra pol\u00edtica de privadesa per obtenir informaci\u00f3 detallada sobre la protecci\u00f3 de dades i el seu tractament.<\/p>\n\n\n\n<h5 class=\"wp-block-heading\" id=\"h-destinataris-de-dades-personals\">Destinataris de Dades Personals<\/h5>\n\n\n\n<p>Durant el tractament de les vostres dades personals, EXCAVACIONS FIGUERES podr\u00e0 cedir-les als seg\u00fcents destinataris:<\/p>\n\n\n\n<ul class=\"wp-block-list\">\n<li>Jutges i Tribunals.<\/li>\n\n\n\n<li>Forces i cossos de seguretat de l&#8217;Estat.<\/li>\n\n\n\n<li>Altres autoritats o organismes p\u00fablics competents quan hi hagi una obligaci\u00f3 legal de facilitar les dades.<\/li>\n<\/ul>\n\n\n\n<h5 class=\"wp-block-heading\" id=\"h-continguts-propietat-intel-lectual-i-industrial\">Continguts, Propietat Intel\u00b7lectual i Industrial<\/h5>\n\n\n\n<p>EXCAVACIONS FIGUERES \u00e9s propietari de tots els drets de propietat intel\u00b7lectual i industrial de la seva p\u00e0gina web i dels elements continguts a la mateixa (imatges, fotografies, so, \u00e0udio, v\u00eddeo, programari, textos, marques, logotips, etc.), o compte amb les llic\u00e8ncies necess\u00e0ries. Queda expressament prohibida la reproducci\u00f3, distribuci\u00f3 i comunicaci\u00f3 p\u00fablica dels continguts esmentats sense autoritzaci\u00f3.<\/p>\n\n\n\n<h5 class=\"wp-block-heading\" id=\"h-exclusio-de-garanties-i-responsabilitat\">Exclusi\u00f3 de Garanties i Responsabilitat<\/h5>\n\n\n\n<p>L&#8217;USUARI reconeix que l&#8217;\u00fas de la p\u00e0gina web i els seus continguts es fa sota la seva responsabilitat exclusiva. EXCAVACIONS FIGUERES no assumeix responsabilitat per la disponibilitat, finalitat, infracci\u00f3 de la legislaci\u00f3 vigent, exist\u00e8ncia de codis maliciosos, acc\u00e9s no autoritzat, exactitud de continguts, danys a equips inform\u00e0tics o connexions, danys per cas fortu\u00eft o for\u00e7a major, i opinions abocades pels usuaris en f\u00f2rums i espais semblants.<\/p>\n\n\n\n<h5 class=\"wp-block-heading\" id=\"h-modificacions-de-l-avis-legal-i-durada\">Modificacions de l&#8217;Av\u00eds Legal i Durada<\/h5>\n\n\n\n<p>EXCAVACIONS FIGUERES es reserva el dret de realitzar modificacions al seu portal, podent canviar, suprimir o afegir continguts i serveis, aix\u00ed com la manera com aquests es presenten. La vig\u00e8ncia de les condicions estar\u00e0 subjecta a la seva exposici\u00f3 i romandran vigents fins que siguin modificades i publicades degudament.<\/p>\n\n\n\n<h5 class=\"wp-block-heading\" id=\"h-enllacos\">Enlla\u00e7os<\/h5>\n\n\n\n<p>En el cas que a excavacionsfigueres.com s&#8217;incloguin enlla\u00e7os cap a altres llocs web, EXCAVACIONS FIGUERES no exercir\u00e0 control sobre aquests llocs i continguts, no assumint cap responsabilitat pel contingut de llocs web externs ni garantint la disponibilitat, qualitat, fiabilitat o constitucionalitat de aquests enlla\u00e7os.<\/p>\n\n\n\n<h5 class=\"wp-block-heading\" id=\"h-drets-d-exclusio\">Drets d&#8217;exclusi\u00f3<\/h5>\n\n\n\n<p>EXCAVACIONS FIGUERES es reserva el dret a denegar o retirar l&#8217;acc\u00e9s al portal i\/o serveis sense av\u00eds previ a usuaris que incompleixin aquest Av\u00eds Legal.<\/p>\n\n\n\n<h5 class=\"wp-block-heading\" id=\"h-generalitats\">Generalitats<\/h5>\n\n\n\n<p>EXCAVACIONS FIGUERES perseguir\u00e0 l&#8217;incompliment d&#8217;aquestes condicions i qualsevol \u00fas indegut del portal, exercint les accions civils i penals que li corresponguin.<\/p>\n\n\n\n<h5 class=\"wp-block-heading\" id=\"h-menors-d-edat\">Menors d&#8217;Edat<\/h5>\n\n\n\n<p>La p\u00e0gina web d&#8217;EXCAVACIONS FIGUERES est\u00e0 adre\u00e7ada a usuaris de m\u00e9s de 18 anys. Els menors no estan autoritzats a fer servir els serveis i no han d&#8217;enviar dades personals. EXCAVACIONS FIGUERES no es fa responsable de les conseq\u00fc\u00e8ncies de l&#8217;incompliment d&#8217;aquesta cl\u00e0usula per part dels usuaris menors d&#8217;edat.<\/p>\n\n\n\n<p>Aquest Av\u00eds Legal ha estat actualitzat per darrera vegada el 13 d&#8217;abril de 2024.<\/p>\n<\/div>\n","protected":false},"excerpt":{"rendered":"<p>Av\u00ed legal Dades Identificatives Benvingut a la p\u00e0gina web d&#8217;EXCAVACIONS FIGUERES, titularitat d&#8217;EXCAVACIONS FIGUERES, amb domicili a Ctra. GIV-6025 &#8211; km 0,84 &#8211; 17706 Pont de Molins, tel\u00e8fon 633 72 54 38 i correu electr\u00f2nic\u00a0info@excavacionsfigueres.com . A continuaci\u00f3, es proporciona la informaci\u00f3 de conformitat amb la Llei 34\/2002, de 11 de juliol, de serveis de [&hellip;]<\/p>\n","protected":false},"author":1,"featured_media":0,"parent":0,"menu_order":100,"comment_status":"closed","ping_status":"closed","template":"","meta":{"footnotes":""},"class_list":["post-3796","page","type-page","status-publish","hentry"],"yoast_head":"<!-- This site is optimized with the Yoast SEO Premium plugin v22.6 (Yoast SEO v24.2) - https:\/\/yoast.com\/wordpress\/plugins\/seo\/ -->\n<title>Av\u00eds Legal - Excavacions Figueres<\/title>\n<meta name=\"description\" content=\"Explora els serveis d\u00b4excavaci\u00f3 d\u00b4Excavacions Figueres, l\u00edder en solucions integrals per a projectes residencials i industrials. Contacta&#039;ns avui mateix.\" \/>\n<meta name=\"robots\" content=\"noindex, nofollow\" \/>\n<meta property=\"og:locale\" content=\"ca_ES\" \/>\n<meta property=\"og:type\" content=\"article\" \/>\n<meta property=\"og:title\" content=\"Av\u00eds Legal\" \/>\n<meta property=\"og:description\" content=\"Descobreix Excavacions Figueres, l\u00edder en solucions integrals per a projectes residencials i industrials. Confia en la nostra experi\u00e8ncia i la nostra qualitat. #Excavacions #Construcci\u00f3\" \/>\n<meta property=\"og:url\" content=\"https:\/\/excavacionsfigueres.com\/cat\/aviso-legal\/\" \/>\n<meta property=\"og:site_name\" content=\"Excavacions Figueres\" \/>\n<meta property=\"article:publisher\" content=\"https:\/\/www.facebook.com\/61557642402407\" \/>\n<meta property=\"article:modified_time\" content=\"2024-04-21T08:01:28+00:00\" \/>\n<meta property=\"og:image\" content=\"https:\/\/excavacionsfigueres.com\/cat\/wp-content\/uploads\/2024\/04\/retroexcavadora-girona.jpg\" \/>\n\t<meta property=\"og:image:width\" content=\"1920\" \/>\n\t<meta property=\"og:image:height\" content=\"1080\" \/>\n\t<meta property=\"og:image:type\" content=\"image\/jpeg\" \/>\n<meta name=\"twitter:card\" content=\"summary_large_image\" \/>\n<meta name=\"twitter:site\" content=\"@excavfigueres\" \/>\n<meta name=\"twitter:label1\" content=\"Temps estimat de lectura\" \/>\n\t<meta name=\"twitter:data1\" content=\"4 minuts\" \/>\n<script type=\"application\/ld+json\" class=\"yoast-schema-graph\">{\"@context\":\"https:\/\/schema.org\",\"@graph\":[{\"@type\":\"WebPage\",\"@id\":\"https:\/\/excavacionsfigueres.com\/cat\/aviso-legal\/\",\"url\":\"https:\/\/excavacionsfigueres.com\/cat\/aviso-legal\/\",\"name\":\"Av\u00eds Legal - Excavacions Figueres\",\"isPartOf\":{\"@id\":\"https:\/\/excavacionsfigueres.com\/cat\/#website\"},\"datePublished\":\"2024-04-13T15:57:45+00:00\",\"dateModified\":\"2024-04-21T08:01:28+00:00\",\"description\":\"Explora els serveis d\u00b4excavaci\u00f3 d\u00b4Excavacions Figueres, l\u00edder en solucions integrals per a projectes residencials i industrials. Contacta'ns avui mateix.\",\"breadcrumb\":{\"@id\":\"https:\/\/excavacionsfigueres.com\/cat\/aviso-legal\/#breadcrumb\"},\"inLanguage\":\"ca\",\"potentialAction\":[{\"@type\":\"ReadAction\",\"target\":[\"https:\/\/excavacionsfigueres.com\/cat\/aviso-legal\/\"]}]},{\"@type\":\"BreadcrumbList\",\"@id\":\"https:\/\/excavacionsfigueres.com\/cat\/aviso-legal\/#breadcrumb\",\"itemListElement\":[{\"@type\":\"ListItem\",\"position\":1,\"name\":\"Portada\",\"item\":\"https:\/\/excavacionsfigueres.com\/cat\/\"},{\"@type\":\"ListItem\",\"position\":2,\"name\":\"Av\u00eds Legal\"}]},{\"@type\":\"WebSite\",\"@id\":\"https:\/\/excavacionsfigueres.com\/cat\/#website\",\"url\":\"https:\/\/excavacionsfigueres.com\/cat\/\",\"name\":\"Excavacions Figueres\",\"description\":\"Excavacions i moviments de terres a Figueres\",\"publisher\":{\"@id\":\"https:\/\/excavacionsfigueres.com\/cat\/#organization\"},\"alternateName\":\"Excavaciones Figueres\",\"potentialAction\":[{\"@type\":\"SearchAction\",\"target\":{\"@type\":\"EntryPoint\",\"urlTemplate\":\"https:\/\/excavacionsfigueres.com\/cat\/?s={search_term_string}\"},\"query-input\":{\"@type\":\"PropertyValueSpecification\",\"valueRequired\":true,\"valueName\":\"search_term_string\"}}],\"inLanguage\":\"ca\"},{\"@type\":\"Organization\",\"@id\":\"https:\/\/excavacionsfigueres.com\/cat\/#organization\",\"name\":\"Excavacions Figueres\",\"alternateName\":\"Excavaciones Figueres\",\"url\":\"https:\/\/excavacionsfigueres.com\/cat\/\",\"logo\":{\"@type\":\"ImageObject\",\"inLanguage\":\"ca\",\"@id\":\"https:\/\/excavacionsfigueres.com\/cat\/#\/schema\/logo\/image\/\",\"url\":\"https:\/\/excavacionsfigueres.com\/cat\/wp-content\/uploads\/2024\/03\/logo-excavaciones-figueres.svg\",\"contentUrl\":\"https:\/\/excavacionsfigueres.com\/cat\/wp-content\/uploads\/2024\/03\/logo-excavaciones-figueres.svg\",\"width\":1,\"height\":1,\"caption\":\"Excavacions Figueres\"},\"image\":{\"@id\":\"https:\/\/excavacionsfigueres.com\/cat\/#\/schema\/logo\/image\/\"},\"sameAs\":[\"https:\/\/www.facebook.com\/61557642402407\",\"https:\/\/x.com\/excavfigueres\"],\"description\":\"Excavacions Figueres \u00e9s una empresa l\u00edder al sector d'excavacions, compromesa amb l'excel\u00b7l\u00e8ncia, la innovaci\u00f3 i el respecte pel medi ambient. Oferim serveis d\u00b4excavaci\u00f3 d\u00b4alta qualitat, utilitzant tecnologia avan\u00e7ada i un equip expert per satisfer les necessitats dels nostres clients.\",\"email\":\"info@excavacionsfigueres.com\",\"telephone\":\"633 72 54 38\",\"legalName\":\"Excavacions Figueres\",\"foundingDate\":\"2022-01-01\",\"numberOfEmployees\":{\"@type\":\"QuantitativeValue\",\"minValue\":\"11\",\"maxValue\":\"50\"}}]}<\/script>\n<!-- \/ Yoast SEO Premium plugin. -->","yoast_head_json":{"title":"Av\u00eds Legal - Excavacions Figueres","description":"Explora els serveis d\u00b4excavaci\u00f3 d\u00b4Excavacions Figueres, l\u00edder en solucions integrals per a projectes residencials i industrials. Contacta'ns avui mateix.","robots":{"index":"noindex","follow":"nofollow"},"og_locale":"ca_ES","og_type":"article","og_title":"Av\u00eds Legal","og_description":"Descobreix Excavacions Figueres, l\u00edder en solucions integrals per a projectes residencials i industrials. Confia en la nostra experi\u00e8ncia i la nostra qualitat. #Excavacions #Construcci\u00f3","og_url":"https:\/\/excavacionsfigueres.com\/cat\/aviso-legal\/","og_site_name":"Excavacions Figueres","article_publisher":"https:\/\/www.facebook.com\/61557642402407","article_modified_time":"2024-04-21T08:01:28+00:00","og_image":[{"width":1920,"height":1080,"url":"https:\/\/excavacionsfigueres.com\/cat\/wp-content\/uploads\/2024\/04\/retroexcavadora-girona.jpg","type":"image\/jpeg"}],"twitter_card":"summary_large_image","twitter_site":"@excavfigueres","twitter_misc":{"Temps estimat de lectura":"4 minuts"},"schema":{"@context":"https:\/\/schema.org","@graph":[{"@type":"WebPage","@id":"https:\/\/excavacionsfigueres.com\/cat\/aviso-legal\/","url":"https:\/\/excavacionsfigueres.com\/cat\/aviso-legal\/","name":"Av\u00eds Legal - Excavacions Figueres","isPartOf":{"@id":"https:\/\/excavacionsfigueres.com\/cat\/#website"},"datePublished":"2024-04-13T15:57:45+00:00","dateModified":"2024-04-21T08:01:28+00:00","description":"Explora els serveis d\u00b4excavaci\u00f3 d\u00b4Excavacions Figueres, l\u00edder en solucions integrals per a projectes residencials i industrials. Contacta'ns avui mateix.","breadcrumb":{"@id":"https:\/\/excavacionsfigueres.com\/cat\/aviso-legal\/#breadcrumb"},"inLanguage":"ca","potentialAction":[{"@type":"ReadAction","target":["https:\/\/excavacionsfigueres.com\/cat\/aviso-legal\/"]}]},{"@type":"BreadcrumbList","@id":"https:\/\/excavacionsfigueres.com\/cat\/aviso-legal\/#breadcrumb","itemListElement":[{"@type":"ListItem","position":1,"name":"Portada","item":"https:\/\/excavacionsfigueres.com\/cat\/"},{"@type":"ListItem","position":2,"name":"Av\u00eds Legal"}]},{"@type":"WebSite","@id":"https:\/\/excavacionsfigueres.com\/cat\/#website","url":"https:\/\/excavacionsfigueres.com\/cat\/","name":"Excavacions Figueres","description":"Excavacions i moviments de terres a Figueres","publisher":{"@id":"https:\/\/excavacionsfigueres.com\/cat\/#organization"},"alternateName":"Excavaciones Figueres","potentialAction":[{"@type":"SearchAction","target":{"@type":"EntryPoint","urlTemplate":"https:\/\/excavacionsfigueres.com\/cat\/?s={search_term_string}"},"query-input":{"@type":"PropertyValueSpecification","valueRequired":true,"valueName":"search_term_string"}}],"inLanguage":"ca"},{"@type":"Organization","@id":"https:\/\/excavacionsfigueres.com\/cat\/#organization","name":"Excavacions Figueres","alternateName":"Excavaciones Figueres","url":"https:\/\/excavacionsfigueres.com\/cat\/","logo":{"@type":"ImageObject","inLanguage":"ca","@id":"https:\/\/excavacionsfigueres.com\/cat\/#\/schema\/logo\/image\/","url":"https:\/\/excavacionsfigueres.com\/cat\/wp-content\/uploads\/2024\/03\/logo-excavaciones-figueres.svg","contentUrl":"https:\/\/excavacionsfigueres.com\/cat\/wp-content\/uploads\/2024\/03\/logo-excavaciones-figueres.svg","width":1,"height":1,"caption":"Excavacions Figueres"},"image":{"@id":"https:\/\/excavacionsfigueres.com\/cat\/#\/schema\/logo\/image\/"},"sameAs":["https:\/\/www.facebook.com\/61557642402407","https:\/\/x.com\/excavfigueres"],"description":"Excavacions Figueres \u00e9s una empresa l\u00edder al sector d'excavacions, compromesa amb l'excel\u00b7l\u00e8ncia, la innovaci\u00f3 i el respecte pel medi ambient. Oferim serveis d\u00b4excavaci\u00f3 d\u00b4alta qualitat, utilitzant tecnologia avan\u00e7ada i un equip expert per satisfer les necessitats dels nostres clients.","email":"info@excavacionsfigueres.com","telephone":"633 72 54 38","legalName":"Excavacions Figueres","foundingDate":"2022-01-01","numberOfEmployees":{"@type":"QuantitativeValue","minValue":"11","maxValue":"50"}}]}},"_links":{"self":[{"href":"https:\/\/excavacionsfigueres.com\/cat\/wp-json\/wp\/v2\/pages\/3796","targetHints":{"allow":["GET"]}}],"collection":[{"href":"https:\/\/excavacionsfigueres.com\/cat\/wp-json\/wp\/v2\/pages"}],"about":[{"href":"https:\/\/excavacionsfigueres.com\/cat\/wp-json\/wp\/v2\/types\/page"}],"author":[{"embeddable":true,"href":"https:\/\/excavacionsfigueres.com\/cat\/wp-json\/wp\/v2\/users\/1"}],"replies":[{"embeddable":true,"href":"https:\/\/excavacionsfigueres.com\/cat\/wp-json\/wp\/v2\/comments?post=3796"}],"version-history":[{"count":3,"href":"https:\/\/excavacionsfigueres.com\/cat\/wp-json\/wp\/v2\/pages\/3796\/revisions"}],"predecessor-version":[{"id":4266,"href":"https:\/\/excavacionsfigueres.com\/cat\/wp-json\/wp\/v2\/pages\/3796\/revisions\/4266"}],"wp:attachment":[{"href":"https:\/\/excavacionsfigueres.com\/cat\/wp-json\/wp\/v2\/media?parent=3796"}],"curies":[{"name":"wp","href":"https:\/\/api.w.org\/{rel}","templated":true}]}}